{"id":16256,"date":"2025-04-14T17:11:02","date_gmt":"2025-04-14T22:11:02","guid":{"rendered":"https:\/\/horbath.com\/?page_id=16256"},"modified":"2025-10-06T15:24:26","modified_gmt":"2025-10-06T20:24:26","slug":"contactanos","status":"publish","type":"page","link":"https:\/\/horbath.com\/en\/contactanos\/","title":{"rendered":"Contact Us"},"content":{"rendered":"<div data-elementor-type=\"wp-page\" data-elementor-id=\"16256\" class=\"elementor elementor-16256\">\n\t\t\t\t<div class=\"elementor-element elementor-element-493f05b e-flex e-con-boxed e-con e-parent\" data-id=\"493f05b\" data-element_type=\"container\" data-e-type=\"container\" data-settings=\"{&quot;background_background&quot;:&quot;classic&quot;,&quot;shape_divider_bottom&quot;:&quot;waves&quot;,&quot;shape_divider_bottom_negative&quot;:&quot;yes&quot;}\">\n\t\t\t\t\t<div class=\"e-con-inner\">\n\t\t\t\t<div class=\"elementor-shape elementor-shape-bottom\" aria-hidden=\"true\" data-negative=\"true\">\n\t\t\t<svg xmlns=\"http:\/\/www.w3.org\/2000\/svg\" viewbox=\"0 0 1000 100\" preserveaspectratio=\"none\">\n\t<path class=\"elementor-shape-fill\" d=\"M790.5,93.1c-59.3-5.3-116.8-18-192.6-50c-29.6-12.7-76.9-31-100.5-35.9c-23.6-4.9-52.6-7.8-75.5-5.3\tc-10.2,1.1-22.6,1.4-50.1,7.4c-27.2,6.3-58.2,16.6-79.4,24.7c-41.3,15.9-94.9,21.9-134,22.6C72,58.2,0,25.8,0,25.8V100h1000V65.3\tc0,0-51.5,19.4-106.2,25.7C839.5,97,814.1,95.2,790.5,93.1z\"\/>\n<\/svg>\t\t<\/div>\n\t\t<div class=\"elementor-element elementor-element-17d81daa e-con-full e-flex elementor-invisible e-con e-child\" data-id=\"17d81daa\" data-element_type=\"container\" data-e-type=\"container\" data-settings=\"{&quot;animation&quot;:&quot;techwix--slide-right&quot;}\">\n\t\t\t\t<div class=\"elementor-element elementor-element-50d66c24 elementor-invisible elementor-widget elementor-widget-custom-title-addons\" data-id=\"50d66c24\" data-element_type=\"widget\" data-e-type=\"widget\" data-settings=\"{&quot;_animation&quot;:&quot;techwix--slide-up&quot;}\" data-widget_type=\"custom-title-addons.default\">\n\t\t\t\t<div class=\"elementor-widget-container\">\n\t\t\t\t\t<div class=\"tpc-double_heading\"><h1 class=\"dbl__title-wrapper\"><span class=\"dbl__title dbl-title_1\">Our market is the web<\/span><\/h1><\/div>\t\t\t\t<\/div>\n\t\t\t\t<\/div>\n\t\t\t\t<div class=\"elementor-element elementor-element-5b9f090 elementor-widget elementor-widget-heading\" data-id=\"5b9f090\" data-element_type=\"widget\" data-e-type=\"widget\" data-widget_type=\"heading.default\">\n\t\t\t\t<div class=\"elementor-widget-container\">\n\t\t\t\t\t<h3 class=\"elementor-heading-title elementor-size-default\">Colombia as a base expanding presence in latam.<\/h3>\t\t\t\t<\/div>\n\t\t\t\t<\/div>\n\t\t\t\t<div class=\"elementor-element elementor-element-6cf6e087 elementor-widget elementor-widget-techwix-button\" data-id=\"6cf6e087\" data-element_type=\"widget\" data-e-type=\"widget\" data-widget_type=\"techwix-button.default\">\n\t\t\t\t<div class=\"elementor-widget-container\">\n\t\t\t\t\t<div class=\"techwix-button-widget-wrapper\"><a class=\"techwix-btn techwix-btn-size-custom style-1\" href=\"#form\">Contact Us<\/a><\/div>\t\t\t\t<\/div>\n\t\t\t\t<\/div>\n\t\t\t\t<\/div>\n\t\t\t\t\t<\/div>\n\t\t\t\t<\/div>\n\t\t<div class=\"elementor-element elementor-element-43f3cd7 e-flex e-con-boxed e-con e-parent\" data-id=\"43f3cd7\" data-element_type=\"container\" data-e-type=\"container\" id=\"form\">\n\t\t\t\t\t<div class=\"e-con-inner\">\n\t\t<div class=\"elementor-element elementor-element-f0e2919 e-con-full e-flex e-con e-child\" data-id=\"f0e2919\" data-element_type=\"container\" data-e-type=\"container\">\n\t\t\t\t<div class=\"elementor-element elementor-element-0a0651a elementor-widget elementor-widget-techwix-contactform-addons\" data-id=\"0a0651a\" data-element_type=\"widget\" data-e-type=\"widget\" data-widget_type=\"techwix-contactform-addons.default\">\n\t\t\t\t<div class=\"elementor-widget-container\">\n\t\t\t\t\t<div class=\"techwix-form-wrapper\" ><div class=\"wpcf7-head-container\"> <h5 class=\"wpcf7-subtitle\">\u00bfTu empresa enfrenta un desaf\u00edo?<\/h5><h3 class=\"wpcf7-title\">Nosotros tenemos la soluci\u00f3n.<\/h3><\/div>\n<div class=\"wpcf7 no-js\" id=\"wpcf7-f17529-o1\" lang=\"es-CO\" dir=\"ltr\" data-wpcf7-id=\"17529\">\n<div class=\"screen-reader-response\"><p role=\"status\" aria-live=\"polite\" aria-atomic=\"true\"><\/p> <ul><\/ul><\/div>\n<form action=\"\/en\/wp-json\/wp\/v2\/pages\/16256#wpcf7-f17529-o1\" method=\"post\" class=\"wpcf7-form init\" aria-label=\"Formulario de contacto\" novalidate=\"novalidate\" data-status=\"init\" data-trp-original-action=\"\/en\/wp-json\/wp\/v2\/pages\/16256#wpcf7-f17529-o1\">\n<fieldset class=\"hidden-fields-container\"><input type=\"hidden\" name=\"_wpcf7\" value=\"17529\" \/><input type=\"hidden\" name=\"_wpcf7_version\" value=\"6.1.5\" \/><input type=\"hidden\" name=\"_wpcf7_locale\" value=\"es_CO\" \/><input type=\"hidden\" name=\"_wpcf7_unit_tag\" value=\"wpcf7-f17529-o1\" \/><input type=\"hidden\" name=\"_wpcf7_container_post\" value=\"0\" \/><input type=\"hidden\" name=\"_wpcf7_posted_data_hash\" value=\"\" \/><input type=\"hidden\" name=\"_wpcf7_recaptcha_response\" value=\"\" \/>\n<\/fieldset>\n<p><label> Your company<br \/>\n<span class=\"wpcf7-form-control-wrap\" data-name=\"your-name\"><input size=\"40\" maxlength=\"400\" class=\"wpcf7-form-control wpcf7-text wpcf7-validates-as-required\" autocomplete=\"name\" aria-required=\"true\" aria-invalid=\"false\" value=\"\" type=\"text\" name=\"your-name\" \/><\/span> <\/label>\n<\/p>\n<p><label> Your email<br \/>\n<span class=\"wpcf7-form-control-wrap\" data-name=\"your-email\"><input size=\"40\" maxlength=\"400\" class=\"wpcf7-form-control wpcf7-email wpcf7-validates-as-required wpcf7-text wpcf7-validates-as-email\" autocomplete=\"email\" aria-required=\"true\" aria-invalid=\"false\" value=\"\" type=\"email\" name=\"your-email\" \/><\/span> <\/label>\n<\/p>\n<p><label> Describe your current situation and the service you are interested in.<br \/>\n<span class=\"wpcf7-form-control-wrap\" data-name=\"your-message\"><textarea cols=\"40\" rows=\"10\" maxlength=\"2000\" class=\"wpcf7-form-control wpcf7-textarea\" aria-invalid=\"false\" name=\"your-message\"><\/textarea><\/span> <\/label>\n<\/p>\n<p><input class=\"wpcf7-form-control wpcf7-submit has-spinner\" type=\"submit\" value=\"Send\" \/>\n<\/p><div class=\"wpcf7-response-output\" aria-hidden=\"true\"><\/div>\n<input type=\"hidden\" name=\"trp-form-language\" value=\"en\"\/><\/form>\n<\/div>\n<\/div>\t\t\t\t<\/div>\n\t\t\t\t<\/div>\n\t\t\t\t<\/div>\n\t\t<div class=\"elementor-element elementor-element-af80660 e-grid e-con-boxed e-con e-child\" data-id=\"af80660\" data-element_type=\"container\" data-e-type=\"container\">\n\t\t\t\t\t<div class=\"e-con-inner\">\n\t\t<div class=\"elementor-element elementor-element-ed68e5b e-flex e-con-boxed e-con e-child\" data-id=\"ed68e5b\" data-element_type=\"container\" data-e-type=\"container\" data-settings=\"{&quot;background_background&quot;:&quot;classic&quot;}\">\n\t\t\t\t\t<div class=\"e-con-inner\">\n\t\t\t\t<div class=\"elementor-element elementor-element-31f7c08 elementor-view-default elementor-position-top elementor-vertical-align-top elementor-widget elementor-widget-techwix-custom-icon\" data-id=\"31f7c08\" data-element_type=\"widget\" data-e-type=\"widget\" data-widget_type=\"techwix-custom-icon.default\">\n\t\t\t\t<div class=\"elementor-widget-container\">\n\t\t\t\t\t        <div class=\"elementor-icon-box-wrapper\">\n                        <div class=\"elementor-icon-box-icon\">\n                <span class=\"elementor-icon elementor-animation-\" >\n\n                \n                        \n                            <i><img decoding=\"async\" src=\"https:\/\/horbath.com\/wp-content\/uploads\/2025\/04\/Iconos-para-formularios-mobile3.png\" title=\"Iconos para formularios &#8211; mobile3\" alt=\"Iconos para formularios - mobile3\" loading=\"lazy\" \/><\/i>\n\n                    \n                <\/span>\n            <\/div>\n                        <div class=\"elementor-icon-box-content\">\n                <h3 class=\"elementor-icon-box-title\">\n                    <span  >\n                        Contact number                    <\/span>\n                <\/h3>\n                                    <p class=\"elementor-icon-box-description\">\n                        +57 (605) 3517330                    <\/p>\n                            <\/div>\n        <\/div>\n        \t\t\t\t<\/div>\n\t\t\t\t<\/div>\n\t\t\t\t\t<\/div>\n\t\t\t\t<\/div>\n\t\t<div class=\"elementor-element elementor-element-5271d0f e-flex e-con-boxed e-con e-child\" data-id=\"5271d0f\" data-element_type=\"container\" data-e-type=\"container\" data-settings=\"{&quot;background_background&quot;:&quot;classic&quot;}\">\n\t\t\t\t\t<div class=\"e-con-inner\">\n\t\t\t\t<div class=\"elementor-element elementor-element-01ba5e5 elementor-view-default elementor-position-top elementor-vertical-align-top elementor-widget elementor-widget-techwix-custom-icon\" data-id=\"01ba5e5\" data-element_type=\"widget\" data-e-type=\"widget\" data-widget_type=\"techwix-custom-icon.default\">\n\t\t\t\t<div class=\"elementor-widget-container\">\n\t\t\t\t\t        <div class=\"elementor-icon-box-wrapper\">\n                        <div class=\"elementor-icon-box-icon\">\n                <span class=\"elementor-icon elementor-animation-\" >\n\n                \n                        \n                            <i><img decoding=\"async\" src=\"https:\/\/horbath.com\/wp-content\/uploads\/2025\/04\/Iconos-para-formularios-mail-2.png\" title=\"Iconos para formularios &#8211; mail 2\" alt=\"Iconos para formularios - mail 2\" loading=\"lazy\" \/><\/i>\n\n                    \n                <\/span>\n            <\/div>\n                        <div class=\"elementor-icon-box-content\">\n                <h3 class=\"elementor-icon-box-title\">\n                    <span  >\n                        Email                    <\/span>\n                <\/h3>\n                                    <p class=\"elementor-icon-box-description\">\n                        info@horbath.com                    <\/p>\n                            <\/div>\n        <\/div>\n        \t\t\t\t<\/div>\n\t\t\t\t<\/div>\n\t\t\t\t\t<\/div>\n\t\t\t\t<\/div>\n\t\t<div class=\"elementor-element elementor-element-d8171f0 e-flex e-con-boxed e-con e-child\" data-id=\"d8171f0\" data-element_type=\"container\" data-e-type=\"container\" data-settings=\"{&quot;background_background&quot;:&quot;classic&quot;}\">\n\t\t\t\t\t<div class=\"e-con-inner\">\n\t\t\t\t<div class=\"elementor-element elementor-element-bf44887 elementor-view-default elementor-position-top elementor-vertical-align-top elementor-widget elementor-widget-techwix-custom-icon\" data-id=\"bf44887\" data-element_type=\"widget\" data-e-type=\"widget\" data-widget_type=\"techwix-custom-icon.default\">\n\t\t\t\t<div class=\"elementor-widget-container\">\n\t\t\t\t\t        <div class=\"elementor-icon-box-wrapper\">\n                        <div class=\"elementor-icon-box-icon\">\n                <span class=\"elementor-icon elementor-animation-\" >\n\n                \n                            \n                               <i aria-hidden=\"true\" class=\"techwix flaticon-location\"><\/i>\n                <\/span>\n            <\/div>\n                        <div class=\"elementor-icon-box-content\">\n                <h3 class=\"elementor-icon-box-title\">\n                    <span  >\n                         Our location                    <\/span>\n                <\/h3>\n                                    <p class=\"elementor-icon-box-description\">\n                        Calle 77B # 57 \u2013 103 oficina 501, Edificio Green Towers.\nBarranquilla - Colombia                    <\/p>\n                            <\/div>\n        <\/div>\n        \t\t\t\t<\/div>\n\t\t\t\t<\/div>\n\t\t\t\t\t<\/div>\n\t\t\t\t<\/div>\n\t\t\t\t\t<\/div>\n\t\t\t\t<\/div>\n\t\t\t\t\t<\/div>\n\t\t\t\t<\/div>\n\t\t<div class=\"elementor-element elementor-element-7a45703 e-con-full e-flex e-con e-parent\" data-id=\"7a45703\" data-element_type=\"container\" data-e-type=\"container\">\n\t\t\t\t<div class=\"elementor-element elementor-element-979a5c2 elementor-widget elementor-widget-google_maps\" data-id=\"979a5c2\" data-element_type=\"widget\" data-e-type=\"widget\" data-widget_type=\"google_maps.default\">\n\t\t\t\t<div class=\"elementor-widget-container\">\n\t\t\t\t\t\t\t<div class=\"elementor-custom-embed\">\n\t\t\t<iframe loading=\"lazy\"\n\t\t\t\t\tsrc=\"https:\/\/maps.google.com\/maps?q=Centro%20Empresarial%20Green%20Towers%2CBarranquilla&#038;t=m&#038;z=10&#038;output=embed&#038;iwloc=near\"\n\t\t\t\t\ttitle=\"Centro Empresarial Green Towers,Barranquilla\"\n\t\t\t\t\taria-label=\"Centro Empresarial Green Towers,Barranquilla\"\n\t\t\t><\/iframe>\n\t\t<\/div>\n\t\t\t\t\t\t<\/div>\n\t\t\t\t<\/div>\n\t\t\t\t<\/div>\n\t\t<div class=\"elementor-element elementor-element-7975e11 e-flex e-con-boxed e-con e-parent\" data-id=\"7975e11\" data-element_type=\"container\" data-e-type=\"container\">\n\t\t\t\t\t<div class=\"e-con-inner\">\n\t\t\t\t<div class=\"elementor-element elementor-element-c5065ea elementor-widget elementor-widget-spacer\" data-id=\"c5065ea\" data-element_type=\"widget\" data-e-type=\"widget\" data-widget_type=\"spacer.default\">\n\t\t\t\t<div class=\"elementor-widget-container\">\n\t\t\t\t\t\t\t<div class=\"elementor-spacer\">\n\t\t\t<div class=\"elementor-spacer-inner\"><\/div>\n\t\t<\/div>\n\t\t\t\t\t\t<\/div>\n\t\t\t\t<\/div>\n\t\t\t\t\t<\/div>\n\t\t\t\t<\/div>\n\t\t<div class=\"elementor-element elementor-element-3d90006b e-flex e-con-boxed e-con e-parent\" data-id=\"3d90006b\" data-element_type=\"container\" data-e-type=\"container\" data-settings=\"{&quot;background_background&quot;:&quot;classic&quot;}\">\n\t\t\t\t\t<div class=\"e-con-inner\">\n\t\t<div class=\"elementor-element elementor-element-5f47b14e e-con-full e-flex e-con e-child\" data-id=\"5f47b14e\" data-element_type=\"container\" data-e-type=\"container\">\n\t\t\t\t<div class=\"elementor-element elementor-element-1cf1d4a3 elementor-widget elementor-widget-spacer\" data-id=\"1cf1d4a3\" data-element_type=\"widget\" data-e-type=\"widget\" data-widget_type=\"spacer.default\">\n\t\t\t\t<div class=\"elementor-widget-container\">\n\t\t\t\t\t\t\t<div class=\"elementor-spacer\">\n\t\t\t<div class=\"elementor-spacer-inner\"><\/div>\n\t\t<\/div>\n\t\t\t\t\t\t<\/div>\n\t\t\t\t<\/div>\n\t\t\t\t<div class=\"elementor-element elementor-element-14264bfd text-left elementor-widget elementor-widget-techwix-site-logo\" data-id=\"14264bfd\" data-element_type=\"widget\" data-e-type=\"widget\" data-widget_type=\"techwix-site-logo.default\">\n\t\t\t\t<div class=\"elementor-widget-container\">\n\t\t\t\t\t<div class=\"techwix-logotype-container\"><a href=\"https:\/\/horbath.com\/en\/\"><img decoding=\"async\" class=\"\" src=\"https:\/\/horbath.com\/wp-content\/uploads\/2025\/04\/Logo-horbath-1.png\" alt=\"Horbath Technologies\" style=\"height: 65px;\"><\/a><\/div>\t\t\t\t<\/div>\n\t\t\t\t<\/div>\n\t\t\t\t<div class=\"elementor-element elementor-element-575c5de2 elementor-widget elementor-widget-text-editor\" data-id=\"575c5de2\" data-element_type=\"widget\" data-e-type=\"widget\" data-widget_type=\"text-editor.default\">\n\t\t\t\t<div class=\"elementor-widget-container\">\n\t\t\t\t\t\t\t\t\t<div class=\"elementor-element elementor-element-53da70d elementor-widget elementor-widget-text-editor\" data-id=\"53da70d\" data-element_type=\"widget\" data-widget_type=\"text-editor.default\"><div class=\"elementor-widget-container\"><div class=\"elementor-element elementor-element-53da70d elementor-widget elementor-widget-text-editor\" data-id=\"53da70d\" data-element_type=\"widget\" data-widget_type=\"text-editor.default\"><div class=\"elementor-widget-container\"><p>Unleash the power of innovation.<\/p><\/div><\/div><\/div><\/div><div class=\"elementor-element elementor-element-63d0456 e-grid-align-left elementor-shape-circle elementor-grid-0 elementor-widget elementor-widget-social-icons\" data-id=\"63d0456\" data-element_type=\"widget\" data-widget_type=\"social-icons.default\"><div class=\"elementor-widget-container\"><div class=\"elementor-social-icons-wrapper elementor-grid\">\u00a0<\/div><\/div><\/div>\t\t\t\t\t\t\t\t<\/div>\n\t\t\t\t<\/div>\n\t\t<div class=\"elementor-element elementor-element-500f1dfb e-grid e-con-full e-con e-child\" data-id=\"500f1dfb\" data-element_type=\"container\" data-e-type=\"container\">\n\t\t\t\t<div class=\"elementor-element elementor-element-54f642bf elementor-view-framed elementor-widget__width-initial elementor-shape-circle elementor-widget elementor-widget-icon\" data-id=\"54f642bf\" data-element_type=\"widget\" data-e-type=\"widget\" data-widget_type=\"icon.default\">\n\t\t\t\t<div class=\"elementor-widget-container\">\n\t\t\t\t\t\t\t<div class=\"elementor-icon-wrapper\">\n\t\t\t<a class=\"elementor-icon\" href=\"https:\/\/www.linkedin.com\/company\/horbath-technologies-s-a-s\/?viewAsMember=true\">\n\t\t\t<i aria-hidden=\"true\" class=\"techwix flaticon-linkedin\"><\/i>\t\t\t<\/a>\n\t\t<\/div>\n\t\t\t\t\t\t<\/div>\n\t\t\t\t<\/div>\n\t\t\t\t<\/div>\n\t\t\t\t<\/div>\n\t\t<div class=\"elementor-element elementor-element-798cf72a e-con-full e-flex e-con e-child\" data-id=\"798cf72a\" data-element_type=\"container\" data-e-type=\"container\">\n\t\t\t\t<div class=\"elementor-element elementor-element-504ecf45 elementor-widget elementor-widget-spacer\" data-id=\"504ecf45\" data-element_type=\"widget\" data-e-type=\"widget\" data-widget_type=\"spacer.default\">\n\t\t\t\t<div class=\"elementor-widget-container\">\n\t\t\t\t\t\t\t<div class=\"elementor-spacer\">\n\t\t\t<div class=\"elementor-spacer-inner\"><\/div>\n\t\t<\/div>\n\t\t\t\t\t\t<\/div>\n\t\t\t\t<\/div>\n\t\t\t\t<div class=\"elementor-element elementor-element-7abd00e7 elementor-widget__width-initial elementor-widget-tablet__width-initial elementor-widget-mobile__width-initial elementor-widget elementor-widget-techwix-footer-menu\" data-id=\"7abd00e7\" data-element_type=\"widget\" data-e-type=\"widget\" data-widget_type=\"techwix-footer-menu.default\">\n\t\t\t\t<div class=\"elementor-widget-container\">\n\t\t\t\t\t\n        <div class=\"site-footer\">\n\n            <div class=\"widget widget_nav_menu\">\n\n                                    <h2 class=\"widget-title\">Useful Links<\/h2>\n                \n                <div class=\"menu-menu-footer-container\"><ul id=\"menu-menu-footer\" class=\"menu\"><li id=\"menu-item-16721\" class=\"menu-item menu-item-type-post_type menu-item-object-page menu-item-home menu-item-16721\"><a href=\"https:\/\/horbath.com\/en\/\">Home<\/a><\/li>\n<li id=\"menu-item-16723\" class=\"menu-item menu-item-type-post_type menu-item-object-page menu-item-16723\"><a href=\"https:\/\/horbath.com\/en\/nosotros\/\">About Us<\/a><\/li>\n<li id=\"menu-item-16761\" class=\"menu-item menu-item-type-custom menu-item-object-custom menu-item-16761\"><a href=\"https:\/\/horbath.com\/en\/tecnologias\/\">Technologies<\/a><\/li>\n<li id=\"menu-item-16724\" class=\"menu-item menu-item-type-post_type menu-item-object-page menu-item-16724\"><a href=\"https:\/\/horbath.com\/en\/carreras\/\">Carreers<\/a><\/li>\n<li id=\"menu-item-17953\" class=\"menu-item menu-item-type-custom menu-item-object-custom menu-item-17953\"><a href=\"https:\/\/horbath.com\/en\/contactanos\/#form\">Contact Us<\/a><\/li>\n<li id=\"menu-item-18182\" class=\"menu-item menu-item-type-post_type menu-item-object-page menu-item-18182\"><a href=\"https:\/\/horbath.com\/en\/politicadedatos\/\">Pol\u00edtica de datos<\/a><\/li>\n<\/ul><\/div>\n            <\/div>\n\n        <\/div>\n        \t\t\t\t<\/div>\n\t\t\t\t<\/div>\n\t\t\t\t<\/div>\n\t\t<div class=\"elementor-element elementor-element-4c48d746 e-con-full e-flex e-con e-child\" data-id=\"4c48d746\" data-element_type=\"container\" data-e-type=\"container\">\n\t\t\t\t<div class=\"elementor-element elementor-element-65cce8e0 elementor-widget elementor-widget-spacer\" data-id=\"65cce8e0\" data-element_type=\"widget\" data-e-type=\"widget\" data-widget_type=\"spacer.default\">\n\t\t\t\t<div class=\"elementor-widget-container\">\n\t\t\t\t\t\t\t<div class=\"elementor-spacer\">\n\t\t\t<div class=\"elementor-spacer-inner\"><\/div>\n\t\t<\/div>\n\t\t\t\t\t\t<\/div>\n\t\t\t\t<\/div>\n\t\t\t\t<div class=\"elementor-element elementor-element-131996ca elementor-widget elementor-widget-heading\" data-id=\"131996ca\" data-element_type=\"widget\" data-e-type=\"widget\" data-widget_type=\"heading.default\">\n\t\t\t\t<div class=\"elementor-widget-container\">\n\t\t\t\t\t<h4 class=\"elementor-heading-title elementor-size-default\">Contact Us<\/h4>\t\t\t\t<\/div>\n\t\t\t\t<\/div>\n\t\t\t\t<div class=\"elementor-element elementor-element-4f28e1b4 elementor-widget elementor-widget-text-editor\" data-id=\"4f28e1b4\" data-element_type=\"widget\" data-e-type=\"widget\" data-widget_type=\"text-editor.default\">\n\t\t\t\t<div class=\"elementor-widget-container\">\n\t\t\t\t\t\t\t\t\t<div class=\"elementor-element elementor-element-53da70d elementor-widget elementor-widget-text-editor\" data-id=\"53da70d\" data-element_type=\"widget\" data-widget_type=\"text-editor.default\"><div class=\"elementor-widget-container\"><p class=\"cvGsUA direction-ltr align-start para-style-body\"><span class=\"OYPEnA font-feature-liga-off font-feature-clig-off font-feature-calt-off font-size-modifier text-decoration-none text-strikethrough-none\">Calle 77B # 57 \u2013 103 oficina 501, <\/span><span class=\"OYPEnA font-feature-liga-off font-feature-clig-off font-feature-calt-off font-size-modifier text-decoration-none text-strikethrough-none\">Edificio Green Towers. <\/span><span class=\"OYPEnA font-feature-liga-off font-feature-clig-off font-feature-calt-off font-size-modifier text-decoration-none text-strikethrough-none\">Barranquilla &#8211; Colombia<\/span><\/p><\/div><p>info@horbath.com<\/p><p>Phone:<\/p><p>(605) 327 7371<\/p><\/div>\t\t\t\t\t\t\t\t<\/div>\n\t\t\t\t<\/div>\n\t\t\t\t<\/div>\n\t\t<div class=\"elementor-element elementor-element-1e32c9f1 e-con-full e-flex e-con e-child\" data-id=\"1e32c9f1\" data-element_type=\"container\" data-e-type=\"container\">\n\t\t\t\t<div class=\"elementor-element elementor-element-141b3f5e elementor-widget elementor-widget-spacer\" data-id=\"141b3f5e\" data-element_type=\"widget\" data-e-type=\"widget\" data-widget_type=\"spacer.default\">\n\t\t\t\t<div class=\"elementor-widget-container\">\n\t\t\t\t\t\t\t<div class=\"elementor-spacer\">\n\t\t\t<div class=\"elementor-spacer-inner\"><\/div>\n\t\t<\/div>\n\t\t\t\t\t\t<\/div>\n\t\t\t\t<\/div>\n\t\t\t\t<div class=\"elementor-element elementor-element-775b9b04 elementor-widget elementor-widget-heading\" data-id=\"775b9b04\" data-element_type=\"widget\" data-e-type=\"widget\" data-widget_type=\"heading.default\">\n\t\t\t\t<div class=\"elementor-widget-container\">\n\t\t\t\t\t<h4 class=\"elementor-heading-title elementor-size-default\">Putting the future in your hands.<\/h4>\t\t\t\t<\/div>\n\t\t\t\t<\/div>\n\t\t\t\t<div class=\"elementor-element elementor-element-3145b89 elementor-widget elementor-widget-text-editor\" data-id=\"3145b89\" data-element_type=\"widget\" data-e-type=\"widget\" data-widget_type=\"text-editor.default\">\n\t\t\t\t<div class=\"elementor-widget-container\">\n\t\t\t\t\t\t\t\t\t<div class=\"elementor-element elementor-element-53da70d elementor-widget elementor-widget-text-editor\" data-id=\"53da70d\" data-element_type=\"widget\" data-widget_type=\"text-editor.default\"><div class=\"elementor-widget-container\"><p><span class=\"OYPEnA font-feature-liga-off font-feature-clig-off font-feature-calt-off text-decoration-none text-strikethrough-none\">We are an innovative, multidisciplinary team that transforms companies digital vision into unique and effective solutions.<\/span><\/p><\/div><\/div><div class=\"elementor-element elementor-element-63d0456 e-grid-align-left elementor-shape-circle elementor-grid-0 elementor-widget elementor-widget-social-icons\" data-id=\"63d0456\" data-element_type=\"widget\" data-widget_type=\"social-icons.default\"><div class=\"elementor-widget-container\"><div class=\"elementor-social-icons-wrapper elementor-grid\">\u00a0<\/div><\/div><\/div>\t\t\t\t\t\t\t\t<\/div>\n\t\t\t\t<\/div>\n\t\t\t\t<\/div>\n\t\t\t\t\t<\/div>\n\t\t\t\t<\/div>\n\t\t<div class=\"elementor-element elementor-element-275b4511 e-con-full e-flex e-con e-parent\" data-id=\"275b4511\" data-element_type=\"container\" data-e-type=\"container\" data-settings=\"{&quot;background_background&quot;:&quot;classic&quot;}\">\n\t\t\t\t<div class=\"elementor-element elementor-element-24f87e44 elementor-widget elementor-widget-text-editor\" data-id=\"24f87e44\" data-element_type=\"widget\" data-e-type=\"widget\" data-widget_type=\"text-editor.default\">\n\t\t\t\t<div class=\"elementor-widget-container\">\n\t\t\t\t\t\t\t\t\t<p>\u00a9 2025 Horbath Technologies All Rights Reserved<\/p>\t\t\t\t\t\t\t\t<\/div>\n\t\t\t\t<\/div>\n\t\t\t\t<\/div>\n\t\t\t\t<\/div>","protected":false},"excerpt":{"rendered":"<p>Nuestro mercado es la web Colombia como base expandiendo presencia en latam. Cont\u00e1ctanos \u00bfTu empresa enfrenta un desaf\u00edo? Nosotros tenemos la soluci\u00f3n. Tu empresa Tu correo electr\u00f3nico Describe tu situaci\u00f3n actual y el servicio que te interesa Recaptcha &#916; N\u00famero de contacto +57 (605) 3517330 Nuestro correo info@horbath.com Nuestra ubicaci\u00f3n Calle 77B # 57 \u2013&#8230;<\/p>","protected":false},"author":1,"featured_media":0,"parent":0,"menu_order":0,"comment_status":"closed","ping_status":"closed","template":"","meta":{"footnotes":""},"class_list":["post-16256","page","type-page","status-publish","hentry"],"_links":{"self":[{"href":"https:\/\/horbath.com\/en\/wp-json\/wp\/v2\/pages\/16256","targetHints":{"allow":["GET"]}}],"collection":[{"href":"https:\/\/horbath.com\/en\/wp-json\/wp\/v2\/pages"}],"about":[{"href":"https:\/\/horbath.com\/en\/wp-json\/wp\/v2\/types\/page"}],"author":[{"embeddable":true,"href":"https:\/\/horbath.com\/en\/wp-json\/wp\/v2\/users\/1"}],"replies":[{"embeddable":true,"href":"https:\/\/horbath.com\/en\/wp-json\/wp\/v2\/comments?post=16256"}],"version-history":[{"count":89,"href":"https:\/\/horbath.com\/en\/wp-json\/wp\/v2\/pages\/16256\/revisions"}],"predecessor-version":[{"id":18486,"href":"https:\/\/horbath.com\/en\/wp-json\/wp\/v2\/pages\/16256\/revisions\/18486"}],"wp:attachment":[{"href":"https:\/\/horbath.com\/en\/wp-json\/wp\/v2\/media?parent=16256"}],"curies":[{"name":"wp","href":"https:\/\/api.w.org\/{rel}","templated":true}]}}